{"id":5927,"date":"2025-02-25T00:30:25","date_gmt":"2025-02-25T00:30:25","guid":{"rendered":"https:\/\/hg-stahl.de\/tarihcemiz"},"modified":"2025-03-20T04:17:26","modified_gmt":"2025-03-20T04:17:26","slug":"tarihcemiz","status":"publish","type":"page","link":"https:\/\/hg-stahl.de\/tr\/tarihcemiz\/","title":{"rendered":"Tarih\u00e7emiz"},"content":{"rendered":"\t\t<div data-elementor-type=\"wp-page\" data-elementor-id=\"5927\" class=\"elementor elementor-5927\">\n\t\t\t\t\t\t<div class=\"elementor-section elementor-top-section elementor-element elementor-element-88bffcc pt-4 pt-md-5 elementor-section-boxed elementor-section-height-default elementor-section-height-default\" data-id=\"88bffcc\" data-element_type=\"section\" data-e-type=\"section\">\r\n\t\t\r\n\t\t\t\t\t\t\t<div class=\"elementor-container elementor-column-gap-default\">\r\n\t\t\t\t\t\t\t\t\t\t\t<div class=\"elementor-column elementor-col-100 elementor-top-column elementor-element elementor-element-adb66a8\" data-id=\"adb66a8\" data-element_type=\"column\" data-e-type=\"column\">\r\n\t\t\t\t\t<div class=\"elementor-widget-wrap elementor-element-populated\">\r\n\t\t\t\t\t\t\t\t<div class=\"elementor-element elementor-element-9d5d1db mb-3 elementor-invisible elementor-widget elementor-widget-heading\" data-id=\"9d5d1db\" data-element_type=\"widget\" data-e-type=\"widget\" data-settings=\"{&quot;_animation&quot;:&quot;fadeInUp&quot;,&quot;_animation_delay&quot;:400}\" data-widget_type=\"heading.default\">\n\t\t\t\t<div class=\"elementor-widget-container\">\n\t\t\t\t\t<h3 class=\"elementor-heading-title elementor-size-default\">TAR\u0130H\u00c7EM\u0130Z<\/h3>\t\t\t\t<\/div>\n\t\t\t\t<\/div>\n\t\t\t\t<div class=\"elementor-element elementor-element-37613c8 mb-5 custom-font1 px-0 col-lg-9 col-xl-8 mx-auto elementor-widget__width-initial elementor-invisible elementor-widget elementor-widget-heading\" data-id=\"37613c8\" data-element_type=\"widget\" data-e-type=\"widget\" data-settings=\"{&quot;_animation&quot;:&quot;fadeInUp&quot;,&quot;_animation_delay&quot;:600}\" data-widget_type=\"heading.default\">\n\t\t\t\t<div class=\"elementor-widget-container\">\n\t\t\t\t\t<p class=\"elementor-heading-title elementor-size-default\">Her \u015fey, 1992 y\u0131l\u0131nda Hahn und Gendreizig \u015firketinin kurulu\u015fuyla ba\u015flad\u0131. <\/br>G\u00fcn\u00fcm\u00fczdeki H+G'nin isim babas\u0131.<\/br>\nSa\u011flam bir \u015firket k\u00fclt\u00fcr\u00fc \u00fczerine in\u015fa edilmi\u015f olup yenili\u011fi gelenekle birle\u015ftirir.<\/br>\n2011 y\u0131l\u0131ndan bu yana o\u011ful Jan Gendreizig, \u015firket tarihinde s\u00fcreklili\u011fi sa\u011flamaktad\u0131r.<\/p>\t\t\t\t<\/div>\n\t\t\t\t<\/div>\n\t\t\t\t<div class=\"elementor-element elementor-element-8d07544 elementor-invisible elementor-widget elementor-widget-porto_steps\" data-id=\"8d07544\" data-element_type=\"widget\" data-e-type=\"widget\" data-settings=\"{&quot;_animation&quot;:&quot;fadeInUp&quot;,&quot;_animation_delay&quot;:800}\" data-widget_type=\"porto_steps.default\">\n\t\t\t\t<div class=\"elementor-widget-container\">\n\t\t\t\t\t<section class=\"timeline\"><div class=\"timeline-body\"><div class=\"timeline-date \"><h3 class=\"time-text step-item-subtitle\">1992<\/h3><\/div><article class=\"timeline-box left\"><div><img decoding=\"async\" src=\"\/\/hg-stahl.de\/wp-content\/uploads\/2025\/02\/1992-1.webp\" class=\"img-responsive\" alt=\"1992 \u2013 Hahn und Gendreizig GmbH&#039;nin Kurulu\u015fu\"><h4 class=\"timeline-item-title step-item-title\">1992 \u2013 Hahn und Gendreizig GmbH&#039;nin Kurulu\u015fu<\/h4><div class=\"timeline-item-content\"><div class=\"mx-lg-3\">Frank Gendreizig ve Lothar Hahn, 1992 y\u0131l\u0131nda end\u00fcstriyel boru hatt\u0131 in\u015fas\u0131 i\u00e7in \u00e7e\u015fitli bile\u015fenlerin \u00fcretiminde uzmanla\u015fan bug\u00fcnk\u00fc \u015firketin temelini att\u0131.<\/div><\/div><\/div><\/article><div class=\"timeline-date \"><h3 class=\"time-text step-item-subtitle\">2000<\/h3><\/div><article class=\"timeline-box right\"><div><img decoding=\"async\" src=\"\/\/hg-stahl.de\/wp-content\/uploads\/2025\/02\/2000.webp\" class=\"img-responsive\" alt=\"2000 \u2013 Vana \u00dcretimi i\u00e7in Yeni CNC Makineleri\"><h4 class=\"timeline-item-title step-item-title\">2000 \u2013 Vana \u00dcretimi i\u00e7in Yeni CNC Makineleri<\/h4><div class=\"timeline-item-content\"><div class=\"mx-lg-3\">2000 y\u0131l\u0131ndan itibaren \u015firket, ta\u015feron \u00fcretici olarak end\u00fcstriyel vanalara da odakland\u0131.<\/div><\/div><\/div><\/article><div class=\"timeline-date \"><h3 class=\"time-text step-item-subtitle\">2005<\/h3><\/div><article class=\"timeline-box left\"><div><img decoding=\"async\" src=\"\/\/hg-stahl.de\/wp-content\/uploads\/2025\/02\/2005.webp\" class=\"img-responsive\" alt=\"2005 - Makine Park\u0131n\u0131n Modernizasyonu\"><h4 class=\"timeline-item-title step-item-title\">2005 - Makine Park\u0131n\u0131n Modernizasyonu<\/h4><div class=\"timeline-item-content\"><div class=\"mx-lg-3\">Yeni g\u00fc\u00e7l\u00fc makinelere, karusel ve delme sistemlerine yat\u0131r\u0131m.<\/div><\/div><\/div><\/article><div class=\"timeline-date \"><h3 class=\"time-text step-item-subtitle\">2008<\/h3><\/div><article class=\"timeline-box right\"><div><img decoding=\"async\" src=\"\/\/hg-stahl.de\/wp-content\/uploads\/2025\/02\/2008-1.webp\" class=\"img-responsive\" alt=\"2008 \u2013 Gelsenkirchen&#039;de Yeni Fabrika\"><h4 class=\"timeline-item-title step-item-title\">2008 \u2013 Gelsenkirchen&#039;de Yeni Fabrika<\/h4><div class=\"timeline-item-content\"><div class=\"mx-lg-3\">Gelsenkirchen'deki Lockhofstr. 10c adresindeki \u00fcretim halleinin tamamlanmas\u0131.<\/div><\/div><\/div><\/article><div class=\"timeline-date \"><h3 class=\"time-text step-item-subtitle\">2011<\/h3><\/div><article class=\"timeline-box left\"><div><img decoding=\"async\" src=\"\/\/hg-stahl.de\/wp-content\/uploads\/2025\/02\/2011.webp\" class=\"img-responsive\" alt=\"2011 \u2013 Jan Gendreizig&#039;in Kat\u0131l\u0131m\u0131\"><h4 class=\"timeline-item-title step-item-title\">2011 \u2013 Jan Gendreizig&#039;in Kat\u0131l\u0131m\u0131<\/h4><div class=\"timeline-item-content\"><div class=\"mx-lg-3\">Enerji santrali teknolojisi i\u00e7in anahtar teslim end\u00fcstriyel vana \u00fcretimine ba\u015flang\u0131\u00e7.<\/div><\/div><\/div><\/article><div class=\"timeline-date \"><h3 class=\"time-text step-item-subtitle\">2014<\/h3><\/div><article class=\"timeline-box right\"><div><img decoding=\"async\" src=\"\/\/hg-stahl.de\/wp-content\/uploads\/2025\/02\/2014-e1742166851569.webp\" class=\"img-responsive\" alt=\"2014 \u2013 SIM Zerspanungstechnik&#039;in Kurulu\u015fu\"><h4 class=\"timeline-item-title step-item-title\">2014 \u2013 SIM Zerspanungstechnik&#039;in Kurulu\u015fu<\/h4><div class=\"timeline-item-content\"><div class=\"mx-lg-3\">Hizmetleri geni\u015fletmek i\u00e7in \u00fcretime bir kaynak b\u00f6l\u00fcm\u00fc entegre edildi.<\/div><\/div><\/div><\/article><div class=\"timeline-date \"><h3 class=\"time-text step-item-subtitle\">2021<\/h3><\/div><article class=\"timeline-box left\"><div><img decoding=\"async\" src=\"\/\/hg-stahl.de\/wp-content\/uploads\/2025\/02\/2021.webp\" class=\"img-responsive\" alt=\"2021 \u2013 Hattingen&#039;de \u00dcretim Halle ve Ofis Binas\u0131 Sat\u0131n Al\u0131nmas\u0131\"><h4 class=\"timeline-item-title step-item-title\">2021 \u2013 Hattingen&#039;de \u00dcretim Halle ve Ofis Binas\u0131 Sat\u0131n Al\u0131nmas\u0131<\/h4><div class=\"timeline-item-content\"><div class=\"mx-lg-3\">Yeni bir halle sat\u0131n al\u0131nmas\u0131yla \u00fcretim kapasitesi 6.000m\u00b2'ye geni\u015fletildi.<\/div><\/div><\/div><\/article><div class=\"timeline-date \"><h3 class=\"time-text step-item-subtitle\">2024<\/h3><\/div><article class=\"timeline-box right\"><div><img decoding=\"async\" src=\"\/\/hg-stahl.de\/wp-content\/uploads\/2025\/02\/hg-history.webp\" class=\"img-responsive\" alt=\"2024 \u2013 H+G Stahl GmbH&#039;nin Kurulu\u015fu\"><h4 class=\"timeline-item-title step-item-title\">2024 \u2013 H+G Stahl GmbH&#039;nin Kurulu\u015fu<\/h4><div class=\"timeline-item-content\"><div class=\"mx-lg-3\">End\u00fcstriyel vanalar ve \u00e7elik ticareti i\u00e7in kapsaml\u0131 bir yelpaze sunmak \u00fczere, i\u015fleme ve bitirme i\u015flemleri dahil H+G Stahl GmbH kuruldu.<\/div><\/div><\/div><\/article><\/div><\/section>\t\t\t\t<\/div>\n\t\t\t\t<\/div>\n\t\t\t\t\t<\/div>\r\n\t\t\t\t<\/div>\r\n\t\t\t\t\t<\/div>\r\n\t\t\t\t<\/div>\r\n\t\t\t\t<\/div>\n\t\t","protected":false},"excerpt":{"rendered":"<p>TAR\u0130H\u00c7EM\u0130Z Her \u015fey, 1992 y\u0131l\u0131nda Hahn und Gendreizig \u015firketinin kurulu\u015fuyla ba\u015flad\u0131. G\u00fcn\u00fcm\u00fczdeki H+G&#8217;nin isim babas\u0131. Sa\u011flam bir \u015firket k\u00fclt\u00fcr\u00fc \u00fczerine in\u015fa edilmi\u015f olup yenili\u011fi gelenekle birle\u015ftirir. 2011 y\u0131l\u0131ndan bu yana o\u011ful Jan Gendreizig, \u015firket tarihinde s\u00fcreklili\u011fi sa\u011flamaktad\u0131r. 1992 1992 \u2013 Hahn und Gendreizig GmbH&#039;nin Kurulu\u015fu Frank Gendreizig ve Lothar Hahn, 1992 y\u0131l\u0131nda end\u00fcstriyel boru hatt\u0131 [&hellip;]<\/p>\n","protected":false},"author":1,"featured_media":0,"parent":0,"menu_order":0,"comment_status":"closed","ping_status":"closed","template":"","meta":{"_acf_changed":false,"footnotes":""},"class_list":["post-5927","page","type-page","status-publish","hentry"],"acf":[],"_links":{"self":[{"href":"https:\/\/hg-stahl.de\/tr\/wp-json\/wp\/v2\/pages\/5927","targetHints":{"allow":["GET"]}}],"collection":[{"href":"https:\/\/hg-stahl.de\/tr\/wp-json\/wp\/v2\/pages"}],"about":[{"href":"https:\/\/hg-stahl.de\/tr\/wp-json\/wp\/v2\/types\/page"}],"author":[{"embeddable":true,"href":"https:\/\/hg-stahl.de\/tr\/wp-json\/wp\/v2\/users\/1"}],"replies":[{"embeddable":true,"href":"https:\/\/hg-stahl.de\/tr\/wp-json\/wp\/v2\/comments?post=5927"}],"version-history":[{"count":18,"href":"https:\/\/hg-stahl.de\/tr\/wp-json\/wp\/v2\/pages\/5927\/revisions"}],"predecessor-version":[{"id":6267,"href":"https:\/\/hg-stahl.de\/tr\/wp-json\/wp\/v2\/pages\/5927\/revisions\/6267"}],"wp:attachment":[{"href":"https:\/\/hg-stahl.de\/tr\/wp-json\/wp\/v2\/media?parent=5927"}],"curies":[{"name":"wp","href":"https:\/\/api.w.org\/{rel}","templated":true}]}}